{"id":3831,"date":"2021-05-05T10:59:41","date_gmt":"2021-05-05T10:59:41","guid":{"rendered":"https:\/\/privataismezs.lv\/cenas-pieprasijums\/"},"modified":"2021-05-05T10:59:41","modified_gmt":"2021-05-05T10:59:41","slug":"cenas-pieprasijums","status":"publish","type":"page","link":"https:\/\/privataismezs.lv\/ru\/cenas-pieprasijums\/","title":{"rendered":"Zemes \u012bpa\u0161niek, jaut\u0101 m\u016bsu speci\u0101listiem bezmaksas konsult\u0101ciju vai cenas piepras\u012bjumu"},"content":{"rendered":"","protected":false},"excerpt":{"rendered":"","protected":false},"author":4,"featured_media":0,"parent":0,"menu_order":58,"comment_status":"closed","ping_status":"closed","template":"TEMPLATE-pricing.php","meta":{"_acf_changed":false,"footnotes":""},"class_list":["post-3831","page","type-page","status-publish","hentry"],"acf":[],"yoast_head":"<!-- This site is optimized with the Yoast SEO plugin v23.2 - https:\/\/yoast.com\/wordpress\/plugins\/seo\/ -->\n<title>Zemes \u012bpa\u0161niek, jaut\u0101 m\u016bsu speci\u0101listiem bezmaksas konsult\u0101ciju vai cenas piepras\u012bjumu - Priv\u0101tais me\u017es<\/title>\n<meta name=\"description\" content=\"Eesti metsanduse uus p\u00f5lvkond! Kehtestame uusi j\u00e4tkusuutliku metsamajandamise standardeid, olles teadlikule maaomanikule parim partner Eesti metsas.\" \/>\n<meta name=\"robots\" content=\"index, follow, max-snippet:-1, max-image-preview:large, max-video-preview:-1\" \/>\n<link rel=\"canonical\" href=\"http:\/\/privataismezs.lv\/ru\/cenas-pieprasijums\/\" \/>\n<meta property=\"og:locale\" content=\"ru_RU\" \/>\n<meta property=\"og:type\" content=\"article\" \/>\n<meta property=\"og:title\" content=\"Zemes \u012bpa\u0161niek, jaut\u0101 m\u016bsu speci\u0101listiem bezmaksas konsult\u0101ciju vai cenas piepras\u012bjumu - Priv\u0101tais me\u017es\" \/>\n<meta property=\"og:description\" content=\"Eesti metsanduse uus p\u00f5lvkond! Kehtestame uusi j\u00e4tkusuutliku metsamajandamise standardeid, olles teadlikule maaomanikule parim partner Eesti metsas.\" \/>\n<meta property=\"og:url\" content=\"http:\/\/privataismezs.lv\/ru\/cenas-pieprasijums\/\" \/>\n<meta property=\"og:site_name\" content=\"Priv\u0101tais me\u017es\" \/>\n<meta property=\"og:image\" content=\"https:\/\/privataismezs.lv\/wp-content\/uploads\/2021\/05\/fb_share_eesti_metsameister-1.jpg\" \/>\n\t<meta property=\"og:image:width\" content=\"1200\" \/>\n\t<meta property=\"og:image:height\" content=\"630\" \/>\n\t<meta property=\"og:image:type\" content=\"image\/jpeg\" \/>\n<meta name=\"twitter:card\" content=\"summary_large_image\" \/>\n<script type=\"application\/ld+json\" class=\"yoast-schema-graph\">{\"@context\":\"https:\/\/schema.org\",\"@graph\":[{\"@type\":\"WebPage\",\"@id\":\"http:\/\/privataismezs.lv\/ru\/cenas-pieprasijums\/\",\"url\":\"http:\/\/privataismezs.lv\/ru\/cenas-pieprasijums\/\",\"name\":\"Zemes \u012bpa\u0161niek, jaut\u0101 m\u016bsu speci\u0101listiem bezmaksas konsult\u0101ciju vai cenas piepras\u012bjumu - Priv\u0101tais me\u017es\",\"isPartOf\":{\"@id\":\"https:\/\/privataismezs.lv\/#website\"},\"datePublished\":\"2021-05-05T10:59:41+00:00\",\"dateModified\":\"2021-05-05T10:59:41+00:00\",\"description\":\"Eesti metsanduse uus p\u00f5lvkond! Kehtestame uusi j\u00e4tkusuutliku metsamajandamise standardeid, olles teadlikule maaomanikule parim partner Eesti metsas.\",\"breadcrumb\":{\"@id\":\"http:\/\/privataismezs.lv\/ru\/cenas-pieprasijums\/#breadcrumb\"},\"inLanguage\":\"ru-RU\",\"potentialAction\":[{\"@type\":\"ReadAction\",\"target\":[\"http:\/\/privataismezs.lv\/ru\/cenas-pieprasijums\/\"]}]},{\"@type\":\"BreadcrumbList\",\"@id\":\"http:\/\/privataismezs.lv\/ru\/cenas-pieprasijums\/#breadcrumb\",\"itemListElement\":[{\"@type\":\"ListItem\",\"position\":1,\"name\":\"Home\",\"item\":\"https:\/\/privataismezs.lv\/ru\/\"},{\"@type\":\"ListItem\",\"position\":2,\"name\":\"Zemes \u012bpa\u0161niek, jaut\u0101 m\u016bsu speci\u0101listiem bezmaksas konsult\u0101ciju vai cenas piepras\u012bjumu\"}]},{\"@type\":\"WebSite\",\"@id\":\"https:\/\/privataismezs.lv\/#website\",\"url\":\"https:\/\/privataismezs.lv\/\",\"name\":\"Priv\u0101tais me\u017es\",\"description\":\"\",\"potentialAction\":[{\"@type\":\"SearchAction\",\"target\":{\"@type\":\"EntryPoint\",\"urlTemplate\":\"https:\/\/privataismezs.lv\/?s={search_term_string}\"},\"query-input\":\"required name=search_term_string\"}],\"inLanguage\":\"ru-RU\"}]}<\/script>\n<!-- \/ Yoast SEO plugin. -->","yoast_head_json":{"title":"Zemes \u012bpa\u0161niek, jaut\u0101 m\u016bsu speci\u0101listiem bezmaksas konsult\u0101ciju vai cenas piepras\u012bjumu - Priv\u0101tais me\u017es","description":"Eesti metsanduse uus p\u00f5lvkond! Kehtestame uusi j\u00e4tkusuutliku metsamajandamise standardeid, olles teadlikule maaomanikule parim partner Eesti metsas.","robots":{"index":"index","follow":"follow","max-snippet":"max-snippet:-1","max-image-preview":"max-image-preview:large","max-video-preview":"max-video-preview:-1"},"canonical":"http:\/\/privataismezs.lv\/ru\/cenas-pieprasijums\/","og_locale":"ru_RU","og_type":"article","og_title":"Zemes \u012bpa\u0161niek, jaut\u0101 m\u016bsu speci\u0101listiem bezmaksas konsult\u0101ciju vai cenas piepras\u012bjumu - Priv\u0101tais me\u017es","og_description":"Eesti metsanduse uus p\u00f5lvkond! Kehtestame uusi j\u00e4tkusuutliku metsamajandamise standardeid, olles teadlikule maaomanikule parim partner Eesti metsas.","og_url":"http:\/\/privataismezs.lv\/ru\/cenas-pieprasijums\/","og_site_name":"Priv\u0101tais me\u017es","og_image":[{"width":1200,"height":630,"url":"https:\/\/privataismezs.lv\/wp-content\/uploads\/2021\/05\/fb_share_eesti_metsameister-1.jpg","type":"image\/jpeg"}],"twitter_card":"summary_large_image","schema":{"@context":"https:\/\/schema.org","@graph":[{"@type":"WebPage","@id":"http:\/\/privataismezs.lv\/ru\/cenas-pieprasijums\/","url":"http:\/\/privataismezs.lv\/ru\/cenas-pieprasijums\/","name":"Zemes \u012bpa\u0161niek, jaut\u0101 m\u016bsu speci\u0101listiem bezmaksas konsult\u0101ciju vai cenas piepras\u012bjumu - Priv\u0101tais me\u017es","isPartOf":{"@id":"https:\/\/privataismezs.lv\/#website"},"datePublished":"2021-05-05T10:59:41+00:00","dateModified":"2021-05-05T10:59:41+00:00","description":"Eesti metsanduse uus p\u00f5lvkond! Kehtestame uusi j\u00e4tkusuutliku metsamajandamise standardeid, olles teadlikule maaomanikule parim partner Eesti metsas.","breadcrumb":{"@id":"http:\/\/privataismezs.lv\/ru\/cenas-pieprasijums\/#breadcrumb"},"inLanguage":"ru-RU","potentialAction":[{"@type":"ReadAction","target":["http:\/\/privataismezs.lv\/ru\/cenas-pieprasijums\/"]}]},{"@type":"BreadcrumbList","@id":"http:\/\/privataismezs.lv\/ru\/cenas-pieprasijums\/#breadcrumb","itemListElement":[{"@type":"ListItem","position":1,"name":"Home","item":"https:\/\/privataismezs.lv\/ru\/"},{"@type":"ListItem","position":2,"name":"Zemes \u012bpa\u0161niek, jaut\u0101 m\u016bsu speci\u0101listiem bezmaksas konsult\u0101ciju vai cenas piepras\u012bjumu"}]},{"@type":"WebSite","@id":"https:\/\/privataismezs.lv\/#website","url":"https:\/\/privataismezs.lv\/","name":"Priv\u0101tais me\u017es","description":"","potentialAction":[{"@type":"SearchAction","target":{"@type":"EntryPoint","urlTemplate":"https:\/\/privataismezs.lv\/?s={search_term_string}"},"query-input":"required name=search_term_string"}],"inLanguage":"ru-RU"}]}},"_links":{"self":[{"href":"https:\/\/privataismezs.lv\/ru\/wp-json\/wp\/v2\/pages\/3831","targetHints":{"allow":["GET"]}}],"collection":[{"href":"https:\/\/privataismezs.lv\/ru\/wp-json\/wp\/v2\/pages"}],"about":[{"href":"https:\/\/privataismezs.lv\/ru\/wp-json\/wp\/v2\/types\/page"}],"author":[{"embeddable":true,"href":"https:\/\/privataismezs.lv\/ru\/wp-json\/wp\/v2\/users\/4"}],"replies":[{"embeddable":true,"href":"https:\/\/privataismezs.lv\/ru\/wp-json\/wp\/v2\/comments?post=3831"}],"version-history":[{"count":0,"href":"https:\/\/privataismezs.lv\/ru\/wp-json\/wp\/v2\/pages\/3831\/revisions"}],"wp:attachment":[{"href":"https:\/\/privataismezs.lv\/ru\/wp-json\/wp\/v2\/media?parent=3831"}],"curies":[{"name":"wp","href":"https:\/\/api.w.org\/{rel}","templated":true}]}}