{"id":3842,"date":"2020-10-29T13:06:25","date_gmt":"2020-10-29T13:06:25","guid":{"rendered":"https:\/\/privataismezs.lv\/latvijas-privato-mezu-ipasnieku-partneris-nr-1\/"},"modified":"2020-10-29T13:06:25","modified_gmt":"2020-10-29T13:06:25","slug":"latvijas-privato-mezu-ipasnieku-partneris-nr-1","status":"publish","type":"page","link":"http:\/\/privataismezs.lv\/ru\/latvijas-privato-mezu-ipasnieku-partneris-nr-1\/","title":{"rendered":"Latvijas priv\u0101to me\u017eu \u012bpa\u0161nieku partneris Nr. 1"},"content":{"rendered":"\n<p>M\u0113s,&nbsp;<em>SIA Priv\u0101tais me\u017es,&nbsp;<\/em>&nbsp;saprotam, ka me\u017es ir m\u016bsu tautas liel\u0101k\u0101 bag\u0101t\u012bba, \u2013 tikai da\u017eas valstis var teikt, ka vair\u0101k nek\u0101 puse to teritorijas ir kl\u0101ta ar za\u013co zeltu. Papildus ekonomiskajiem ieguvumiem me\u017eam ir ar\u012b noz\u012bm\u012bga loma m\u016bsu kult\u016bras mantojum\u0101.<\/p>\n\n\n\n<p>T\u0101p\u0113c uzskat\u0101m, ka me\u017es ir j\u0101saglab\u0101 n\u0101kamaj\u0101m paaudz\u0113m. Dabai draudz\u012bg\u0101 veid\u0101, katra noz\u0101\u0123\u0113t\u0101 koka viet\u0101 st\u0101dot jaunu un respekt\u0113jot me\u017ea dz\u012bves ciklu.<\/p>\n\n\n\n<p><\/p>\n","protected":false},"excerpt":{"rendered":"M\u0113s,&nbsp;SIA Priv\u0101tais me\u017es,&nbsp;&nbsp;saprotam, ka me\u017es ir m\u016bsu tautas liel\u0101k\u0101 bag\u0101t\u012bba, \u2013 tikai da\u017eas valstis var teikt, ka vair\u0101k nek\u0101 puse to teritorijas ir kl\u0101ta ar za\u013co zeltu. Papildus ekonomiskajiem ieguvumiem me\u017eam ir ar\u012b noz\u012bm\u012bga loma m\u016bsu kult\u016bras mantojum\u0101. T\u0101p\u0113c uzskat\u0101m, ka me\u017es ir j\u0101saglab\u0101 n\u0101kamaj\u0101m paaudz\u0113m. Dabai draudz\u012bg\u0101 veid\u0101, katra noz\u0101\u0123\u0113t\u0101 koka viet\u0101 st\u0101dot jaunu&#8230;","protected":false},"author":4,"featured_media":0,"parent":0,"menu_order":29,"comment_status":"closed","ping_status":"closed","template":"TEMPLATE-service.php","meta":{"_acf_changed":false,"footnotes":""},"class_list":["post-3842","page","type-page","status-publish","hentry"],"acf":[],"yoast_head":"<!-- This site is optimized with the Yoast SEO plugin v23.2 - https:\/\/yoast.com\/wordpress\/plugins\/seo\/ -->\n<title>Latvijas priv\u0101to me\u017eu \u012bpa\u0161nieku partneris Nr. 1 - Priv\u0101tais me\u017es<\/title>\n<meta name=\"description\" content=\"Eesti Metsameister kuulub Skovest Networki. Skovest Network on j\u00e4tkusuutlikule metsandusele p\u00fchendunud kontsern. Pakume erametsaomanikele ainsana Eestis paindlikku kompleksteenust - konsultatsioonid, metsamajanduskava, \u00fclest\u00f6\u00f6tamine, taimeistikud, istutamine ja j\u00e4relhooldus k\u00f5ik \u00fchest kohast.\" \/>\n<meta name=\"robots\" content=\"index, follow, max-snippet:-1, max-image-preview:large, max-video-preview:-1\" \/>\n<link rel=\"canonical\" href=\"https:\/\/privataismezs.lv\/ru\/latvijas-privato-mezu-ipasnieku-partneris-nr-1\/\" \/>\n<meta property=\"og:locale\" content=\"ru_RU\" \/>\n<meta property=\"og:type\" content=\"article\" \/>\n<meta property=\"og:title\" content=\"Latvijas priv\u0101to me\u017eu \u012bpa\u0161nieku partneris Nr. 1 - Priv\u0101tais me\u017es\" \/>\n<meta property=\"og:description\" content=\"Eesti Metsameister kuulub Skovest Networki. Skovest Network on j\u00e4tkusuutlikule metsandusele p\u00fchendunud kontsern. Pakume erametsaomanikele ainsana Eestis paindlikku kompleksteenust - konsultatsioonid, metsamajanduskava, \u00fclest\u00f6\u00f6tamine, taimeistikud, istutamine ja j\u00e4relhooldus k\u00f5ik \u00fchest kohast.\" \/>\n<meta property=\"og:url\" content=\"https:\/\/privataismezs.lv\/ru\/latvijas-privato-mezu-ipasnieku-partneris-nr-1\/\" \/>\n<meta property=\"og:site_name\" content=\"Priv\u0101tais me\u017es\" \/>\n<meta property=\"og:image\" content=\"http:\/\/privataismezs.lv\/wp-content\/uploads\/2021\/05\/fb_share_eesti_metsameister-1.jpg\" \/>\n\t<meta property=\"og:image:width\" content=\"1200\" \/>\n\t<meta property=\"og:image:height\" content=\"630\" \/>\n\t<meta property=\"og:image:type\" content=\"image\/jpeg\" \/>\n<meta name=\"twitter:card\" content=\"summary_large_image\" \/>\n<script type=\"application\/ld+json\" class=\"yoast-schema-graph\">{\"@context\":\"https:\/\/schema.org\",\"@graph\":[{\"@type\":\"WebPage\",\"@id\":\"https:\/\/privataismezs.lv\/ru\/latvijas-privato-mezu-ipasnieku-partneris-nr-1\/\",\"url\":\"https:\/\/privataismezs.lv\/ru\/latvijas-privato-mezu-ipasnieku-partneris-nr-1\/\",\"name\":\"Latvijas priv\u0101to me\u017eu \u012bpa\u0161nieku partneris Nr. 1 - Priv\u0101tais me\u017es\",\"isPartOf\":{\"@id\":\"https:\/\/privataismezs.lv\/#website\"},\"datePublished\":\"2020-10-29T13:06:25+00:00\",\"dateModified\":\"2020-10-29T13:06:25+00:00\",\"description\":\"Eesti Metsameister kuulub Skovest Networki. Skovest Network on j\u00e4tkusuutlikule metsandusele p\u00fchendunud kontsern. Pakume erametsaomanikele ainsana Eestis paindlikku kompleksteenust - konsultatsioonid, metsamajanduskava, \u00fclest\u00f6\u00f6tamine, taimeistikud, istutamine ja j\u00e4relhooldus k\u00f5ik \u00fchest kohast.\",\"breadcrumb\":{\"@id\":\"https:\/\/privataismezs.lv\/ru\/latvijas-privato-mezu-ipasnieku-partneris-nr-1\/#breadcrumb\"},\"inLanguage\":\"ru-RU\",\"potentialAction\":[{\"@type\":\"ReadAction\",\"target\":[\"https:\/\/privataismezs.lv\/ru\/latvijas-privato-mezu-ipasnieku-partneris-nr-1\/\"]}]},{\"@type\":\"BreadcrumbList\",\"@id\":\"https:\/\/privataismezs.lv\/ru\/latvijas-privato-mezu-ipasnieku-partneris-nr-1\/#breadcrumb\",\"itemListElement\":[{\"@type\":\"ListItem\",\"position\":1,\"name\":\"Home\",\"item\":\"https:\/\/privataismezs.lv\/ru\/\"},{\"@type\":\"ListItem\",\"position\":2,\"name\":\"Latvijas priv\u0101to me\u017eu \u012bpa\u0161nieku partneris Nr. 1\"}]},{\"@type\":\"WebSite\",\"@id\":\"https:\/\/privataismezs.lv\/#website\",\"url\":\"https:\/\/privataismezs.lv\/\",\"name\":\"Priv\u0101tais me\u017es\",\"description\":\"\",\"potentialAction\":[{\"@type\":\"SearchAction\",\"target\":{\"@type\":\"EntryPoint\",\"urlTemplate\":\"https:\/\/privataismezs.lv\/?s={search_term_string}\"},\"query-input\":\"required name=search_term_string\"}],\"inLanguage\":\"ru-RU\"}]}<\/script>\n<!-- \/ Yoast SEO plugin. -->","yoast_head_json":{"title":"Latvijas priv\u0101to me\u017eu \u012bpa\u0161nieku partneris Nr. 1 - Priv\u0101tais me\u017es","description":"Eesti Metsameister kuulub Skovest Networki. Skovest Network on j\u00e4tkusuutlikule metsandusele p\u00fchendunud kontsern. Pakume erametsaomanikele ainsana Eestis paindlikku kompleksteenust - konsultatsioonid, metsamajanduskava, \u00fclest\u00f6\u00f6tamine, taimeistikud, istutamine ja j\u00e4relhooldus k\u00f5ik \u00fchest kohast.","robots":{"index":"index","follow":"follow","max-snippet":"max-snippet:-1","max-image-preview":"max-image-preview:large","max-video-preview":"max-video-preview:-1"},"canonical":"https:\/\/privataismezs.lv\/ru\/latvijas-privato-mezu-ipasnieku-partneris-nr-1\/","og_locale":"ru_RU","og_type":"article","og_title":"Latvijas priv\u0101to me\u017eu \u012bpa\u0161nieku partneris Nr. 1 - Priv\u0101tais me\u017es","og_description":"Eesti Metsameister kuulub Skovest Networki. Skovest Network on j\u00e4tkusuutlikule metsandusele p\u00fchendunud kontsern. Pakume erametsaomanikele ainsana Eestis paindlikku kompleksteenust - konsultatsioonid, metsamajanduskava, \u00fclest\u00f6\u00f6tamine, taimeistikud, istutamine ja j\u00e4relhooldus k\u00f5ik \u00fchest kohast.","og_url":"https:\/\/privataismezs.lv\/ru\/latvijas-privato-mezu-ipasnieku-partneris-nr-1\/","og_site_name":"Priv\u0101tais me\u017es","og_image":[{"width":1200,"height":630,"url":"http:\/\/privataismezs.lv\/wp-content\/uploads\/2021\/05\/fb_share_eesti_metsameister-1.jpg","type":"image\/jpeg"}],"twitter_card":"summary_large_image","schema":{"@context":"https:\/\/schema.org","@graph":[{"@type":"WebPage","@id":"https:\/\/privataismezs.lv\/ru\/latvijas-privato-mezu-ipasnieku-partneris-nr-1\/","url":"https:\/\/privataismezs.lv\/ru\/latvijas-privato-mezu-ipasnieku-partneris-nr-1\/","name":"Latvijas priv\u0101to me\u017eu \u012bpa\u0161nieku partneris Nr. 1 - Priv\u0101tais me\u017es","isPartOf":{"@id":"https:\/\/privataismezs.lv\/#website"},"datePublished":"2020-10-29T13:06:25+00:00","dateModified":"2020-10-29T13:06:25+00:00","description":"Eesti Metsameister kuulub Skovest Networki. Skovest Network on j\u00e4tkusuutlikule metsandusele p\u00fchendunud kontsern. Pakume erametsaomanikele ainsana Eestis paindlikku kompleksteenust - konsultatsioonid, metsamajanduskava, \u00fclest\u00f6\u00f6tamine, taimeistikud, istutamine ja j\u00e4relhooldus k\u00f5ik \u00fchest kohast.","breadcrumb":{"@id":"https:\/\/privataismezs.lv\/ru\/latvijas-privato-mezu-ipasnieku-partneris-nr-1\/#breadcrumb"},"inLanguage":"ru-RU","potentialAction":[{"@type":"ReadAction","target":["https:\/\/privataismezs.lv\/ru\/latvijas-privato-mezu-ipasnieku-partneris-nr-1\/"]}]},{"@type":"BreadcrumbList","@id":"https:\/\/privataismezs.lv\/ru\/latvijas-privato-mezu-ipasnieku-partneris-nr-1\/#breadcrumb","itemListElement":[{"@type":"ListItem","position":1,"name":"Home","item":"https:\/\/privataismezs.lv\/ru\/"},{"@type":"ListItem","position":2,"name":"Latvijas priv\u0101to me\u017eu \u012bpa\u0161nieku partneris Nr. 1"}]},{"@type":"WebSite","@id":"https:\/\/privataismezs.lv\/#website","url":"https:\/\/privataismezs.lv\/","name":"Priv\u0101tais me\u017es","description":"","potentialAction":[{"@type":"SearchAction","target":{"@type":"EntryPoint","urlTemplate":"https:\/\/privataismezs.lv\/?s={search_term_string}"},"query-input":"required name=search_term_string"}],"inLanguage":"ru-RU"}]}},"_links":{"self":[{"href":"http:\/\/privataismezs.lv\/ru\/wp-json\/wp\/v2\/pages\/3842","targetHints":{"allow":["GET"]}}],"collection":[{"href":"http:\/\/privataismezs.lv\/ru\/wp-json\/wp\/v2\/pages"}],"about":[{"href":"http:\/\/privataismezs.lv\/ru\/wp-json\/wp\/v2\/types\/page"}],"author":[{"embeddable":true,"href":"http:\/\/privataismezs.lv\/ru\/wp-json\/wp\/v2\/users\/4"}],"replies":[{"embeddable":true,"href":"http:\/\/privataismezs.lv\/ru\/wp-json\/wp\/v2\/comments?post=3842"}],"version-history":[{"count":0,"href":"http:\/\/privataismezs.lv\/ru\/wp-json\/wp\/v2\/pages\/3842\/revisions"}],"wp:attachment":[{"href":"http:\/\/privataismezs.lv\/ru\/wp-json\/wp\/v2\/media?parent=3842"}],"curies":[{"name":"wp","href":"https:\/\/api.w.org\/{rel}","templated":true}]}}