{"id":3834,"date":"2021-03-15T15:18:06","date_gmt":"2021-03-15T15:18:06","guid":{"rendered":"https:\/\/privataismezs.lv\/cirsanas-tiesibu-iegade\/"},"modified":"2021-03-15T15:18:06","modified_gmt":"2021-03-15T15:18:06","slug":"cirsanas-tiesibu-iegade","status":"publish","type":"page","link":"http:\/\/privataismezs.lv\/ru\/veidojam-jaunus-standartus-mezsaimnieciba\/cirsanas-tiesibu-iegade\/","title":{"rendered":"Cir\u0161anas ties\u012bbu ieg\u0101de"},"content":{"rendered":"","protected":false},"excerpt":{"rendered":"","protected":false},"author":4,"featured_media":0,"parent":3844,"menu_order":17,"comment_status":"closed","ping_status":"closed","template":"TEMPLATE-service.php","meta":{"_acf_changed":false,"footnotes":""},"class_list":["post-3834","page","type-page","status-publish","hentry"],"acf":[],"yoast_head":"<!-- This site is optimized with the Yoast SEO plugin v23.2 - https:\/\/yoast.com\/wordpress\/plugins\/seo\/ -->\n<title>Cir\u0161anas ties\u012bbu ieg\u0101de - Priv\u0101tais me\u017es<\/title>\n<meta name=\"description\" content=\"Eesti metsanduse uus p\u00f5lvkond! Kehtestame uusi j\u00e4tkusuutliku metsamajandamise standardeid, olles teadlikule maaomanikule parim partner Eesti metsas.\" \/>\n<meta name=\"robots\" content=\"index, follow, max-snippet:-1, max-image-preview:large, max-video-preview:-1\" \/>\n<link rel=\"canonical\" href=\"http:\/\/privataismezs.lv\/ru\/veidojam-jaunus-standartus-mezsaimnieciba\/cirsanas-tiesibu-iegade\/\" \/>\n<meta property=\"og:locale\" content=\"ru_RU\" \/>\n<meta property=\"og:type\" content=\"article\" \/>\n<meta property=\"og:title\" content=\"Cir\u0161anas ties\u012bbu ieg\u0101de - Priv\u0101tais me\u017es\" \/>\n<meta property=\"og:description\" content=\"Eesti metsanduse uus p\u00f5lvkond! Kehtestame uusi j\u00e4tkusuutliku metsamajandamise standardeid, olles teadlikule maaomanikule parim partner Eesti metsas.\" \/>\n<meta property=\"og:url\" content=\"http:\/\/privataismezs.lv\/ru\/veidojam-jaunus-standartus-mezsaimnieciba\/cirsanas-tiesibu-iegade\/\" \/>\n<meta property=\"og:site_name\" content=\"Priv\u0101tais me\u017es\" \/>\n<meta property=\"og:image\" content=\"http:\/\/privataismezs.lv\/wp-content\/uploads\/2021\/05\/fb_share_eesti_metsameister-1.jpg\" \/>\n\t<meta property=\"og:image:width\" content=\"1200\" \/>\n\t<meta property=\"og:image:height\" content=\"630\" \/>\n\t<meta property=\"og:image:type\" content=\"image\/jpeg\" \/>\n<meta name=\"twitter:card\" content=\"summary_large_image\" \/>\n<script type=\"application\/ld+json\" class=\"yoast-schema-graph\">{\"@context\":\"https:\/\/schema.org\",\"@graph\":[{\"@type\":\"WebPage\",\"@id\":\"http:\/\/privataismezs.lv\/ru\/veidojam-jaunus-standartus-mezsaimnieciba\/cirsanas-tiesibu-iegade\/\",\"url\":\"http:\/\/privataismezs.lv\/ru\/veidojam-jaunus-standartus-mezsaimnieciba\/cirsanas-tiesibu-iegade\/\",\"name\":\"Cir\u0161anas ties\u012bbu ieg\u0101de - Priv\u0101tais me\u017es\",\"isPartOf\":{\"@id\":\"https:\/\/privataismezs.lv\/#website\"},\"datePublished\":\"2021-03-15T15:18:06+00:00\",\"dateModified\":\"2021-03-15T15:18:06+00:00\",\"description\":\"Eesti metsanduse uus p\u00f5lvkond! Kehtestame uusi j\u00e4tkusuutliku metsamajandamise standardeid, olles teadlikule maaomanikule parim partner Eesti metsas.\",\"breadcrumb\":{\"@id\":\"http:\/\/privataismezs.lv\/ru\/veidojam-jaunus-standartus-mezsaimnieciba\/cirsanas-tiesibu-iegade\/#breadcrumb\"},\"inLanguage\":\"ru-RU\",\"potentialAction\":[{\"@type\":\"ReadAction\",\"target\":[\"http:\/\/privataismezs.lv\/ru\/veidojam-jaunus-standartus-mezsaimnieciba\/cirsanas-tiesibu-iegade\/\"]}]},{\"@type\":\"BreadcrumbList\",\"@id\":\"http:\/\/privataismezs.lv\/ru\/veidojam-jaunus-standartus-mezsaimnieciba\/cirsanas-tiesibu-iegade\/#breadcrumb\",\"itemListElement\":[{\"@type\":\"ListItem\",\"position\":1,\"name\":\"Home\",\"item\":\"https:\/\/privataismezs.lv\/ru\/\"},{\"@type\":\"ListItem\",\"position\":2,\"name\":\"M\u0113s veidojam jaunus standartus me\u017esaimniec\u012bb\u0101\",\"item\":\"http:\/\/privataismezs.lv\/ru\/veidojam-jaunus-standartus-mezsaimnieciba\/\"},{\"@type\":\"ListItem\",\"position\":3,\"name\":\"Cir\u0161anas ties\u012bbu ieg\u0101de\"}]},{\"@type\":\"WebSite\",\"@id\":\"https:\/\/privataismezs.lv\/#website\",\"url\":\"https:\/\/privataismezs.lv\/\",\"name\":\"Priv\u0101tais me\u017es\",\"description\":\"\",\"potentialAction\":[{\"@type\":\"SearchAction\",\"target\":{\"@type\":\"EntryPoint\",\"urlTemplate\":\"https:\/\/privataismezs.lv\/?s={search_term_string}\"},\"query-input\":\"required name=search_term_string\"}],\"inLanguage\":\"ru-RU\"}]}<\/script>\n<!-- \/ Yoast SEO plugin. -->","yoast_head_json":{"title":"Cir\u0161anas ties\u012bbu ieg\u0101de - Priv\u0101tais me\u017es","description":"Eesti metsanduse uus p\u00f5lvkond! Kehtestame uusi j\u00e4tkusuutliku metsamajandamise standardeid, olles teadlikule maaomanikule parim partner Eesti metsas.","robots":{"index":"index","follow":"follow","max-snippet":"max-snippet:-1","max-image-preview":"max-image-preview:large","max-video-preview":"max-video-preview:-1"},"canonical":"http:\/\/privataismezs.lv\/ru\/veidojam-jaunus-standartus-mezsaimnieciba\/cirsanas-tiesibu-iegade\/","og_locale":"ru_RU","og_type":"article","og_title":"Cir\u0161anas ties\u012bbu ieg\u0101de - Priv\u0101tais me\u017es","og_description":"Eesti metsanduse uus p\u00f5lvkond! Kehtestame uusi j\u00e4tkusuutliku metsamajandamise standardeid, olles teadlikule maaomanikule parim partner Eesti metsas.","og_url":"http:\/\/privataismezs.lv\/ru\/veidojam-jaunus-standartus-mezsaimnieciba\/cirsanas-tiesibu-iegade\/","og_site_name":"Priv\u0101tais me\u017es","og_image":[{"width":1200,"height":630,"url":"http:\/\/privataismezs.lv\/wp-content\/uploads\/2021\/05\/fb_share_eesti_metsameister-1.jpg","type":"image\/jpeg"}],"twitter_card":"summary_large_image","schema":{"@context":"https:\/\/schema.org","@graph":[{"@type":"WebPage","@id":"http:\/\/privataismezs.lv\/ru\/veidojam-jaunus-standartus-mezsaimnieciba\/cirsanas-tiesibu-iegade\/","url":"http:\/\/privataismezs.lv\/ru\/veidojam-jaunus-standartus-mezsaimnieciba\/cirsanas-tiesibu-iegade\/","name":"Cir\u0161anas ties\u012bbu ieg\u0101de - Priv\u0101tais me\u017es","isPartOf":{"@id":"https:\/\/privataismezs.lv\/#website"},"datePublished":"2021-03-15T15:18:06+00:00","dateModified":"2021-03-15T15:18:06+00:00","description":"Eesti metsanduse uus p\u00f5lvkond! Kehtestame uusi j\u00e4tkusuutliku metsamajandamise standardeid, olles teadlikule maaomanikule parim partner Eesti metsas.","breadcrumb":{"@id":"http:\/\/privataismezs.lv\/ru\/veidojam-jaunus-standartus-mezsaimnieciba\/cirsanas-tiesibu-iegade\/#breadcrumb"},"inLanguage":"ru-RU","potentialAction":[{"@type":"ReadAction","target":["http:\/\/privataismezs.lv\/ru\/veidojam-jaunus-standartus-mezsaimnieciba\/cirsanas-tiesibu-iegade\/"]}]},{"@type":"BreadcrumbList","@id":"http:\/\/privataismezs.lv\/ru\/veidojam-jaunus-standartus-mezsaimnieciba\/cirsanas-tiesibu-iegade\/#breadcrumb","itemListElement":[{"@type":"ListItem","position":1,"name":"Home","item":"https:\/\/privataismezs.lv\/ru\/"},{"@type":"ListItem","position":2,"name":"M\u0113s veidojam jaunus standartus me\u017esaimniec\u012bb\u0101","item":"http:\/\/privataismezs.lv\/ru\/veidojam-jaunus-standartus-mezsaimnieciba\/"},{"@type":"ListItem","position":3,"name":"Cir\u0161anas ties\u012bbu ieg\u0101de"}]},{"@type":"WebSite","@id":"https:\/\/privataismezs.lv\/#website","url":"https:\/\/privataismezs.lv\/","name":"Priv\u0101tais me\u017es","description":"","potentialAction":[{"@type":"SearchAction","target":{"@type":"EntryPoint","urlTemplate":"https:\/\/privataismezs.lv\/?s={search_term_string}"},"query-input":"required name=search_term_string"}],"inLanguage":"ru-RU"}]}},"_links":{"self":[{"href":"http:\/\/privataismezs.lv\/ru\/wp-json\/wp\/v2\/pages\/3834","targetHints":{"allow":["GET"]}}],"collection":[{"href":"http:\/\/privataismezs.lv\/ru\/wp-json\/wp\/v2\/pages"}],"about":[{"href":"http:\/\/privataismezs.lv\/ru\/wp-json\/wp\/v2\/types\/page"}],"author":[{"embeddable":true,"href":"http:\/\/privataismezs.lv\/ru\/wp-json\/wp\/v2\/users\/4"}],"replies":[{"embeddable":true,"href":"http:\/\/privataismezs.lv\/ru\/wp-json\/wp\/v2\/comments?post=3834"}],"version-history":[{"count":0,"href":"http:\/\/privataismezs.lv\/ru\/wp-json\/wp\/v2\/pages\/3834\/revisions"}],"up":[{"embeddable":true,"href":"http:\/\/privataismezs.lv\/ru\/wp-json\/wp\/v2\/pages\/3844"}],"wp:attachment":[{"href":"http:\/\/privataismezs.lv\/ru\/wp-json\/wp\/v2\/media?parent=3834"}],"curies":[{"name":"wp","href":"https:\/\/api.w.org\/{rel}","templated":true}]}}