{"id":3823,"date":"2025-04-28T11:54:47","date_gmt":"2025-04-28T11:54:47","guid":{"rendered":"https:\/\/privataismezs.lv\/nac-stradat\/"},"modified":"2025-04-28T11:54:47","modified_gmt":"2025-04-28T11:54:47","slug":"nac-stradat","status":"publish","type":"page","link":"http:\/\/privataismezs.lv\/ru\/nac-stradat\/","title":{"rendered":"Pied\u0101v\u0101jam ambicioziem cilv\u0113kiem iesp\u0113ju dz\u012bvot n\u0101kamaj\u0101 l\u012bmen\u012b"},"content":{"rendered":"","protected":false},"excerpt":{"rendered":"","protected":false},"author":10,"featured_media":0,"parent":0,"menu_order":49,"comment_status":"closed","ping_status":"closed","template":"","meta":{"_acf_changed":false,"footnotes":""},"class_list":["post-3823","page","type-page","status-publish","hentry"],"acf":[],"yoast_head":"<!-- This site is optimized with the Yoast SEO plugin v23.2 - https:\/\/yoast.com\/wordpress\/plugins\/seo\/ -->\n<title>Pied\u0101v\u0101jam ambicioziem cilv\u0113kiem iesp\u0113ju dz\u012bvot n\u0101kamaj\u0101 l\u012bmen\u012b - Priv\u0101tais me\u017es<\/title>\n<meta name=\"description\" content=\"Eesti metsanduse uus p\u00f5lvkond! Kehtestame uusi j\u00e4tkusuutliku metsamajandamise standardeid, olles teadlikule maaomanikule parim partner Eesti metsas.\" \/>\n<meta name=\"robots\" content=\"index, follow, max-snippet:-1, max-image-preview:large, max-video-preview:-1\" \/>\n<link rel=\"canonical\" href=\"https:\/\/privataismezs.lv\/ru\/nac-stradat\/\" \/>\n<meta property=\"og:locale\" content=\"ru_RU\" \/>\n<meta property=\"og:type\" content=\"article\" \/>\n<meta property=\"og:title\" content=\"Pied\u0101v\u0101jam ambicioziem cilv\u0113kiem iesp\u0113ju dz\u012bvot n\u0101kamaj\u0101 l\u012bmen\u012b - Priv\u0101tais me\u017es\" \/>\n<meta property=\"og:description\" content=\"Eesti metsanduse uus p\u00f5lvkond! Kehtestame uusi j\u00e4tkusuutliku metsamajandamise standardeid, olles teadlikule maaomanikule parim partner Eesti metsas.\" \/>\n<meta property=\"og:url\" content=\"https:\/\/privataismezs.lv\/ru\/nac-stradat\/\" \/>\n<meta property=\"og:site_name\" content=\"Priv\u0101tais me\u017es\" \/>\n<meta property=\"og:image\" content=\"http:\/\/privataismezs.lv\/wp-content\/uploads\/2021\/05\/fb_share_eesti_metsameister-1.jpg\" \/>\n\t<meta property=\"og:image:width\" content=\"1200\" \/>\n\t<meta property=\"og:image:height\" content=\"630\" \/>\n\t<meta property=\"og:image:type\" content=\"image\/jpeg\" \/>\n<meta name=\"twitter:card\" content=\"summary_large_image\" \/>\n<script type=\"application\/ld+json\" class=\"yoast-schema-graph\">{\"@context\":\"https:\/\/schema.org\",\"@graph\":[{\"@type\":\"WebPage\",\"@id\":\"https:\/\/privataismezs.lv\/ru\/nac-stradat\/\",\"url\":\"https:\/\/privataismezs.lv\/ru\/nac-stradat\/\",\"name\":\"Pied\u0101v\u0101jam ambicioziem cilv\u0113kiem iesp\u0113ju dz\u012bvot n\u0101kamaj\u0101 l\u012bmen\u012b - Priv\u0101tais me\u017es\",\"isPartOf\":{\"@id\":\"https:\/\/privataismezs.lv\/#website\"},\"datePublished\":\"2025-04-28T11:54:47+00:00\",\"dateModified\":\"2025-04-28T11:54:47+00:00\",\"description\":\"Eesti metsanduse uus p\u00f5lvkond! Kehtestame uusi j\u00e4tkusuutliku metsamajandamise standardeid, olles teadlikule maaomanikule parim partner Eesti metsas.\",\"breadcrumb\":{\"@id\":\"https:\/\/privataismezs.lv\/ru\/nac-stradat\/#breadcrumb\"},\"inLanguage\":\"ru-RU\",\"potentialAction\":[{\"@type\":\"ReadAction\",\"target\":[\"https:\/\/privataismezs.lv\/ru\/nac-stradat\/\"]}]},{\"@type\":\"BreadcrumbList\",\"@id\":\"https:\/\/privataismezs.lv\/ru\/nac-stradat\/#breadcrumb\",\"itemListElement\":[{\"@type\":\"ListItem\",\"position\":1,\"name\":\"Home\",\"item\":\"https:\/\/privataismezs.lv\/ru\/\"},{\"@type\":\"ListItem\",\"position\":2,\"name\":\"Pied\u0101v\u0101jam ambicioziem cilv\u0113kiem iesp\u0113ju dz\u012bvot n\u0101kamaj\u0101 l\u012bmen\u012b\"}]},{\"@type\":\"WebSite\",\"@id\":\"https:\/\/privataismezs.lv\/#website\",\"url\":\"https:\/\/privataismezs.lv\/\",\"name\":\"Priv\u0101tais me\u017es\",\"description\":\"\",\"potentialAction\":[{\"@type\":\"SearchAction\",\"target\":{\"@type\":\"EntryPoint\",\"urlTemplate\":\"https:\/\/privataismezs.lv\/?s={search_term_string}\"},\"query-input\":\"required name=search_term_string\"}],\"inLanguage\":\"ru-RU\"}]}<\/script>\n<!-- \/ Yoast SEO plugin. -->","yoast_head_json":{"title":"Pied\u0101v\u0101jam ambicioziem cilv\u0113kiem iesp\u0113ju dz\u012bvot n\u0101kamaj\u0101 l\u012bmen\u012b - Priv\u0101tais me\u017es","description":"Eesti metsanduse uus p\u00f5lvkond! Kehtestame uusi j\u00e4tkusuutliku metsamajandamise standardeid, olles teadlikule maaomanikule parim partner Eesti metsas.","robots":{"index":"index","follow":"follow","max-snippet":"max-snippet:-1","max-image-preview":"max-image-preview:large","max-video-preview":"max-video-preview:-1"},"canonical":"https:\/\/privataismezs.lv\/ru\/nac-stradat\/","og_locale":"ru_RU","og_type":"article","og_title":"Pied\u0101v\u0101jam ambicioziem cilv\u0113kiem iesp\u0113ju dz\u012bvot n\u0101kamaj\u0101 l\u012bmen\u012b - Priv\u0101tais me\u017es","og_description":"Eesti metsanduse uus p\u00f5lvkond! Kehtestame uusi j\u00e4tkusuutliku metsamajandamise standardeid, olles teadlikule maaomanikule parim partner Eesti metsas.","og_url":"https:\/\/privataismezs.lv\/ru\/nac-stradat\/","og_site_name":"Priv\u0101tais me\u017es","og_image":[{"width":1200,"height":630,"url":"http:\/\/privataismezs.lv\/wp-content\/uploads\/2021\/05\/fb_share_eesti_metsameister-1.jpg","type":"image\/jpeg"}],"twitter_card":"summary_large_image","schema":{"@context":"https:\/\/schema.org","@graph":[{"@type":"WebPage","@id":"https:\/\/privataismezs.lv\/ru\/nac-stradat\/","url":"https:\/\/privataismezs.lv\/ru\/nac-stradat\/","name":"Pied\u0101v\u0101jam ambicioziem cilv\u0113kiem iesp\u0113ju dz\u012bvot n\u0101kamaj\u0101 l\u012bmen\u012b - Priv\u0101tais me\u017es","isPartOf":{"@id":"https:\/\/privataismezs.lv\/#website"},"datePublished":"2025-04-28T11:54:47+00:00","dateModified":"2025-04-28T11:54:47+00:00","description":"Eesti metsanduse uus p\u00f5lvkond! Kehtestame uusi j\u00e4tkusuutliku metsamajandamise standardeid, olles teadlikule maaomanikule parim partner Eesti metsas.","breadcrumb":{"@id":"https:\/\/privataismezs.lv\/ru\/nac-stradat\/#breadcrumb"},"inLanguage":"ru-RU","potentialAction":[{"@type":"ReadAction","target":["https:\/\/privataismezs.lv\/ru\/nac-stradat\/"]}]},{"@type":"BreadcrumbList","@id":"https:\/\/privataismezs.lv\/ru\/nac-stradat\/#breadcrumb","itemListElement":[{"@type":"ListItem","position":1,"name":"Home","item":"https:\/\/privataismezs.lv\/ru\/"},{"@type":"ListItem","position":2,"name":"Pied\u0101v\u0101jam ambicioziem cilv\u0113kiem iesp\u0113ju dz\u012bvot n\u0101kamaj\u0101 l\u012bmen\u012b"}]},{"@type":"WebSite","@id":"https:\/\/privataismezs.lv\/#website","url":"https:\/\/privataismezs.lv\/","name":"Priv\u0101tais me\u017es","description":"","potentialAction":[{"@type":"SearchAction","target":{"@type":"EntryPoint","urlTemplate":"https:\/\/privataismezs.lv\/?s={search_term_string}"},"query-input":"required name=search_term_string"}],"inLanguage":"ru-RU"}]}},"_links":{"self":[{"href":"http:\/\/privataismezs.lv\/ru\/wp-json\/wp\/v2\/pages\/3823","targetHints":{"allow":["GET"]}}],"collection":[{"href":"http:\/\/privataismezs.lv\/ru\/wp-json\/wp\/v2\/pages"}],"about":[{"href":"http:\/\/privataismezs.lv\/ru\/wp-json\/wp\/v2\/types\/page"}],"author":[{"embeddable":true,"href":"http:\/\/privataismezs.lv\/ru\/wp-json\/wp\/v2\/users\/10"}],"replies":[{"embeddable":true,"href":"http:\/\/privataismezs.lv\/ru\/wp-json\/wp\/v2\/comments?post=3823"}],"version-history":[{"count":0,"href":"http:\/\/privataismezs.lv\/ru\/wp-json\/wp\/v2\/pages\/3823\/revisions"}],"wp:attachment":[{"href":"http:\/\/privataismezs.lv\/ru\/wp-json\/wp\/v2\/media?parent=3823"}],"curies":[{"name":"wp","href":"https:\/\/api.w.org\/{rel}","templated":true}]}}